{"id":7,"date":"2023-09-30T07:13:14","date_gmt":"2023-09-30T07:13:14","guid":{"rendered":"https:\/\/zwemschoolcallantsoog.nl\/?page_id=7"},"modified":"2023-10-19T12:19:29","modified_gmt":"2023-10-19T12:19:29","slug":"borstcrawl-training","status":"publish","type":"page","link":"https:\/\/zwemschoolcallantsoog.nl\/?page_id=7","title":{"rendered":"borstcrawl training"},"content":{"rendered":"<div id=\"pl-gb7-69d636df1f64c\"  class=\"panel-layout\" ><div id=\"pg-gb7-69d636df1f64c-0\"  class=\"panel-grid panel-no-style\" ><div id=\"pgc-gb7-69d636df1f64c-0-0\"  class=\"panel-grid-cell\"  data-weight=\"1\" ><div id=\"panel-gb7-69d636df1f64c-0-0-0\" class=\"so-panel widget widget_sow-editor panel-first-child panel-last-child\" data-index=\"0\" data-style=\"{&quot;background_image_attachment&quot;:false,&quot;background_display&quot;:&quot;tile&quot;,&quot;background_image_size&quot;:&quot;full&quot;,&quot;background_image_opacity&quot;:&quot;100&quot;,&quot;border_thickness&quot;:&quot;1px&quot;}\" ><div\n\t\t\t\n\t\t\tclass=\"so-widget-sow-editor so-widget-sow-editor-base\"\n\t\t\t\n\t\t>\n<div class=\"siteorigin-widget-tinymce textwidget\">\n\t<p class=\"p1\"><span class=\"s1\"><strong>Borstcrawl training<\/strong> <\/span><\/p>\n<p class=\"p1\"><span class=\"s1\">In de groepstraining leer je:<\/span><\/p>\n<ul>\n<li class=\"p1\"><span class=\"s1\">Essenti\u00eble<\/span><strong><span class=\"s1\"> zwemtechnieken<\/span><\/strong><\/li>\n<li class=\"p1\"><span class=\"s1\"><strong>Snelheid<\/strong> en <strong>effici\u00ebntie<\/strong><\/span><\/li>\n<li class=\"p1\"><span class=\"s1\">Verbeter je <strong>lichaamshouding<\/strong><\/span><\/li>\n<li class=\"p1\"><span class=\"s1\"><strong>Ademhaling<\/strong> en <strong>co\u00f6rdinatie<\/strong><\/span><\/li>\n<li>Half uur <strong>doelgericht trainen<\/strong><\/li>\n<\/ul>\n<p><span class=\"s1\">Kosten: \u20ac15 voor 30 minuten les<\/span><\/p>\n<p class=\"p1\"><span class=\"s1\">Om je aan te melden kun je een e-mail sturen naar: <strong>info@zwemschoolcallantsoog.nl<\/strong> met je naam, de gewenste activiteit, en jouw voorkeursdag en -tijd. Zodra de planning rond is en er genoeg aanmeldingen zijn, ontvang je van ons een e-mail met een betaalverzoek, datum en tijd. We kijken ernaar uit om je aanmelding te ontvangen. Tot snel in het water!<\/span><\/p>\n<\/div>\n<\/div><\/div><\/div><\/div><\/div>","protected":false},"excerpt":{"rendered":"<p>Borstcrawl training In de groepstraining leer je: Essenti\u00eble zwemtechnieken Snelheid en effici\u00ebntie Verbeter je lichaamshouding Ademhaling en co\u00f6rdinatie Half uur doelgericht trainen Kosten: \u20ac15 voor 30 minuten les Om je aan te melden kun je een e-mail sturen naar: info@zwemschoolcallantsoog.nl met je naam, de gewenste activiteit, en jouw voorkeursdag en -tijd. Zodra de planning rond [&hellip;]<\/p>\n","protected":false},"author":1,"featured_media":0,"parent":0,"menu_order":0,"comment_status":"closed","ping_status":"closed","template":"","meta":{"footnotes":""},"class_list":["post-7","page","type-page","status-publish","hentry","entry"],"_links":{"self":[{"href":"https:\/\/zwemschoolcallantsoog.nl\/index.php?rest_route=\/wp\/v2\/pages\/7","targetHints":{"allow":["GET"]}}],"collection":[{"href":"https:\/\/zwemschoolcallantsoog.nl\/index.php?rest_route=\/wp\/v2\/pages"}],"about":[{"href":"https:\/\/zwemschoolcallantsoog.nl\/index.php?rest_route=\/wp\/v2\/types\/page"}],"author":[{"embeddable":true,"href":"https:\/\/zwemschoolcallantsoog.nl\/index.php?rest_route=\/wp\/v2\/users\/1"}],"replies":[{"embeddable":true,"href":"https:\/\/zwemschoolcallantsoog.nl\/index.php?rest_route=%2Fwp%2Fv2%2Fcomments&post=7"}],"version-history":[{"count":14,"href":"https:\/\/zwemschoolcallantsoog.nl\/index.php?rest_route=\/wp\/v2\/pages\/7\/revisions"}],"predecessor-version":[{"id":310,"href":"https:\/\/zwemschoolcallantsoog.nl\/index.php?rest_route=\/wp\/v2\/pages\/7\/revisions\/310"}],"wp:attachment":[{"href":"https:\/\/zwemschoolcallantsoog.nl\/index.php?rest_route=%2Fwp%2Fv2%2Fmedia&parent=7"}],"curies":[{"name":"wp","href":"https:\/\/api.w.org\/{rel}","templated":true}]}}